{"id":1363,"date":"2023-12-18T20:01:35","date_gmt":"2023-12-18T20:01:35","guid":{"rendered":"https:\/\/minotex.com.mx\/wp\/?post_type=product&#038;p=1363"},"modified":"2023-12-20T16:29:27","modified_gmt":"2023-12-20T16:29:27","slug":"carrete-de-hilo-para-costura","status":"publish","type":"product","link":"https:\/\/minotex.com.mx\/wp\/product\/carrete-de-hilo-para-costura\/","title":{"rendered":"Dorado"},"content":{"rendered":"<p>INSTRUCCIONES DE CUIDADO<br \/>\nLavar a mano con jab\u00f3n suave, en agua fr\u00eda, no usar cloro, no exprimir, secar colgado a la sombra, usar plancha tibia.<\/p>\n<p>POL\u00cdTICAS DE ENV\u00cdO, DEVOLUCI\u00d3N Y CANCELACI\u00d3N<br \/>\nENV\u00cdOS<br \/>\nRealizamos env\u00edos a toda la Rep\u00fablica Mexicana, a trav\u00e9s de paqueter\u00eda y\/o transporte, en un periodo de tres a ocho d\u00edas h\u00e1biles, contados a partir del siguiente d\u00eda h\u00e1bil de la acreditaci\u00f3n de su pago. <\/p>\n<p>GRATIS<br \/>\nEntrega gratuita en compras mayores a $3,000.00 MXN, en un periodo de tres a ocho d\u00edas h\u00e1biles, contados a partir del siguiente d\u00eda de la acreditaci\u00f3n de su pago. (v\u00e1lido s\u00f3lo en compras por el sitio web) <\/p>\n<p>DEVOLUCIONES<br \/>\nEn caso de realizar devoluci\u00f3n de producto deber\u00e1 ser si: El producto viene con defecto de fabrica.<br \/>\nNo se aceptar\u00e1 la devoluci\u00f3n si el producto ya viene cortado.<br \/>\nEl costo del env\u00edo ser\u00e1 por cobrar.<\/p>\n<p>CANCELACIONES<br \/>\nLa cancelaci\u00f3n de compra debe de ser antes de realizar el pago correspondiente y\/o antes de ser cortada la mercanc\u00eda. <\/p>\n<p>REEMBOLSO<br \/>\nMinotex, no realiza reembolsos a excepci\u00f3n de que el producto tenga defecto de f\u00e1brica.<\/p>\n","protected":false},"excerpt":{"rendered":"<p>Carrete con hilo<br \/>\nComposici\u00f3n: 100% poli\u00e9ster<br \/>\nPeso: 6 kg<\/p>\n<p>Resistente<br \/>\nExcelente calidad<br \/>\nProducto hecho en M\u00e9xico<\/p>\n","protected":false},"featured_media":1368,"template":"","meta":{"site-sidebar-layout":"default","site-content-layout":"default","ast-global-header-display":"","ast-main-header-display":"","ast-hfb-above-header-display":"","ast-hfb-below-header-display":"","ast-hfb-mobile-header-display":"","site-post-title":"","ast-breadcrumbs-content":"","ast-featured-img":"","footer-sml-layout":"","theme-transparent-header-meta":"default","adv-header-id-meta":"","stick-header-meta":"","header-above-stick-meta":"","header-main-stick-meta":"","header-below-stick-meta":""},"product_cat":[44,46],"product_tag":[80,78,76,75,77,79],"class_list":{"0":"post-1363","1":"product","2":"type-product","3":"status-publish","4":"has-post-thumbnail","6":"product_cat-hilo","7":"product_cat-costura","8":"product_tag-6-kg","9":"product_tag-blanco","10":"product_tag-dorado","11":"product_tag-hilo","12":"product_tag-negro","13":"product_tag-poliester","14":"pa_color-blanco","15":"pa_color-dorado","16":"pa_color-negro","17":"desktop-align-left","18":"tablet-align-left","19":"mobile-align-left","21":"first","22":"instock","23":"shipping-taxable","24":"purchasable","25":"product-type-variable"},"_links":{"self":[{"href":"https:\/\/minotex.com.mx\/wp\/wp-json\/wp\/v2\/product\/1363","targetHints":{"allow":["GET"]}}],"collection":[{"href":"https:\/\/minotex.com.mx\/wp\/wp-json\/wp\/v2\/product"}],"about":[{"href":"https:\/\/minotex.com.mx\/wp\/wp-json\/wp\/v2\/types\/product"}],"wp:featuredmedia":[{"embeddable":true,"href":"https:\/\/minotex.com.mx\/wp\/wp-json\/wp\/v2\/media\/1368"}],"wp:attachment":[{"href":"https:\/\/minotex.com.mx\/wp\/wp-json\/wp\/v2\/media?parent=1363"}],"wp:term":[{"taxonomy":"product_cat","embeddable":true,"href":"https:\/\/minotex.com.mx\/wp\/wp-json\/wp\/v2\/product_cat?post=1363"},{"taxonomy":"product_tag","embeddable":true,"href":"https:\/\/minotex.com.mx\/wp\/wp-json\/wp\/v2\/product_tag?post=1363"}],"curies":[{"name":"wp","href":"https:\/\/api.w.org\/{rel}","templated":true}]}}