{"id":1797,"date":"2024-11-08T17:19:09","date_gmt":"2024-11-08T17:19:09","guid":{"rendered":"https:\/\/minotex.com.mx\/wp\/?post_type=product&#038;p=1797"},"modified":"2024-11-08T17:37:26","modified_gmt":"2024-11-08T17:37:26","slug":"alberto","status":"publish","type":"product","link":"https:\/\/minotex.com.mx\/wp\/product\/alberto\/","title":{"rendered":"Alberto"},"content":{"rendered":"<p>INSTRUCCIONES DE CUIDADO<br \/>\nLavar a mano con jab\u00f3n suave, en agua fr\u00eda, no usar cloro, no exprimir, secar colgado a la sombra, usar plancha tibia.<\/p>\n<p>POL\u00cdTICAS DE ENV\u00cdO, DEVOLUCI\u00d3N Y CANCELACI\u00d3N<br \/>\nENV\u00cdOS<br \/>\nRealizamos env\u00edos a toda la Rep\u00fablica Mexicana, a trav\u00e9s de paqueter\u00eda y\/o transporte, en un periodo de tres a ocho d\u00edas h\u00e1biles, contados a partir del siguiente d\u00eda h\u00e1bil de la acreditaci\u00f3n de su pago.<\/p>\n<p>GRATIS<br \/>\nEntrega gratuita dentro de la Ciudad de Tepatitl\u00e1n.<\/p>\n<p>DEVOLUCIONES<br \/>\nEn caso de realizar devoluci\u00f3n de producto deber\u00e1 ser si: El producto viene con defecto de f\u00e1brica.<br \/>\nNo se aceptar\u00e1 la devoluci\u00f3n si el producto ya viene cortado.<br \/>\nEl costo del env\u00edo ser\u00e1 por cobrar.<\/p>\n<p>CANCELACIONES<br \/>\nLa cancelaci\u00f3n de compra debe de ser antes de realizar el pago correspondiente y\/o antes de ser cortada la mercanc\u00eda.<\/p>\n<p>REEMBOLSO<br \/>\nMinotex, no realiza reembolsos a excepci\u00f3n de que el producto tenga defecto de f\u00e1brica.<\/p>\n","protected":false},"excerpt":{"rendered":"<p>Tela &#8220;piel durazno&#8221; estampada<br \/>\nComposici\u00f3n: 100% poli\u00e9ster (Microfibra afelpada)<br \/>\nAncho: 240cm<br \/>\nPeso por metro cuadrado: 75gr<\/p>\n<p>No desti\u00f1e<br \/>\nBuena solidez a la luz<br \/>\nResistente<br \/>\nExcelente calidad<br \/>\nProducto estampado en M\u00e9xico<\/p>\n","protected":false},"featured_media":1800,"template":"","meta":{"site-sidebar-layout":"default","site-content-layout":"default","ast-global-header-display":"","ast-main-header-display":"","ast-hfb-above-header-display":"","ast-hfb-below-header-display":"","ast-hfb-mobile-header-display":"","site-post-title":"","ast-breadcrumbs-content":"","ast-featured-img":"","footer-sml-layout":"","theme-transparent-header-meta":"default","adv-header-id-meta":"","stick-header-meta":"","header-above-stick-meta":"","header-main-stick-meta":"","header-below-stick-meta":""},"product_cat":[60],"product_tag":[27,108,109,77,29,68],"class_list":{"0":"post-1797","1":"product","2":"type-product","3":"status-publish","4":"has-post-thumbnail","6":"product_cat-piel-durazno","7":"product_tag-estampado","8":"product_tag-geometrico","9":"product_tag-lenador","10":"product_tag-negro","11":"product_tag-piel-durazno-2","12":"product_tag-tela","13":"desktop-align-left","14":"tablet-align-left","15":"mobile-align-left","17":"first","18":"instock","19":"shipping-taxable","20":"purchasable","21":"product-type-variable"},"_links":{"self":[{"href":"https:\/\/minotex.com.mx\/wp\/wp-json\/wp\/v2\/product\/1797","targetHints":{"allow":["GET"]}}],"collection":[{"href":"https:\/\/minotex.com.mx\/wp\/wp-json\/wp\/v2\/product"}],"about":[{"href":"https:\/\/minotex.com.mx\/wp\/wp-json\/wp\/v2\/types\/product"}],"wp:featuredmedia":[{"embeddable":true,"href":"https:\/\/minotex.com.mx\/wp\/wp-json\/wp\/v2\/media\/1800"}],"wp:attachment":[{"href":"https:\/\/minotex.com.mx\/wp\/wp-json\/wp\/v2\/media?parent=1797"}],"wp:term":[{"taxonomy":"product_cat","embeddable":true,"href":"https:\/\/minotex.com.mx\/wp\/wp-json\/wp\/v2\/product_cat?post=1797"},{"taxonomy":"product_tag","embeddable":true,"href":"https:\/\/minotex.com.mx\/wp\/wp-json\/wp\/v2\/product_tag?post=1797"}],"curies":[{"name":"wp","href":"https:\/\/api.w.org\/{rel}","templated":true}]}}